{"id":10,"date":"2015-07-12T09:22:04","date_gmt":"2015-07-12T08:22:04","guid":{"rendered":"http:\/\/hundesport-gaschwitz.de\/?page_id=10"},"modified":"2023-02-11T10:04:44","modified_gmt":"2023-02-11T09:04:44","slug":"startseite","status":"publish","type":"page","link":"https:\/\/hundesport-gaschwitz.de\/","title":{"rendered":"Startseite"},"content":{"rendered":"<h1 style=\"text-align: center;\"><a href=\"http:\/\/hundesport-gaschwitz.de\/wp-content\/uploads\/2015\/07\/DSCF2006.jpg\">Willkommen auf der Website des Hundesportvereins <\/a><\/h1>\n<h1 style=\"text-align: center;\"><a href=\"http:\/\/hundesport-gaschwitz.de\/wp-content\/uploads\/2015\/07\/DSCF2006.jpg\">Markkleeberg \/ Gaschwitz e.V.<\/a><\/h1>\n<h2 style=\"text-align: center;\"><span style=\"color: #0000ff;\">Liebe Sportfreunde<\/span><\/h2>\n<p style=\"text-align: center;\"><span style=\"color: #0000ff;\">\u00a0Wir w\u00fcnschen euch gute Gesundheit und freuen uns Euch wieder bei uns begr\u00fc\u00dfen zu d\u00fcrfen.<\/span><\/p>\n<h1 style=\"text-align: center;\"><a href=\"http:\/\/hundesport-gaschwitz.de\/wp-content\/uploads\/2015\/07\/DSCF2006.jpg\"><img fetchpriority=\"high\" decoding=\"async\" class=\"alignnone size-large wp-image-11\" src=\"http:\/\/hundesport-gaschwitz.de\/wp-content\/uploads\/2015\/07\/DSCF2006-1024x768.jpg\" alt=\"DSCF2006\" width=\"1024\" height=\"768\" srcset=\"https:\/\/hundesport-gaschwitz.de\/wp-content\/uploads\/2015\/07\/DSCF2006.jpg 1024w, https:\/\/hundesport-gaschwitz.de\/wp-content\/uploads\/2015\/07\/DSCF2006-300x225.jpg 300w\" sizes=\"(max-width: 1024px) 100vw, 1024px\" \/><\/a><\/h1>\n","protected":false},"excerpt":{"rendered":"<p>Willkommen auf der Website des Hundesportvereins Markkleeberg \/ Gaschwitz e.V. Liebe Sportfreunde \u00a0Wir w\u00fcnschen euch gute Gesundheit und freuen uns Euch wieder bei uns begr\u00fc\u00dfen zu d\u00fcrfen.<\/p>\n","protected":false},"author":1,"featured_media":0,"parent":0,"menu_order":0,"comment_status":"closed","ping_status":"closed","template":"","meta":{"footnotes":""},"_links":{"self":[{"href":"https:\/\/hundesport-gaschwitz.de\/index.php?rest_route=\/wp\/v2\/pages\/10"}],"collection":[{"href":"https:\/\/hundesport-gaschwitz.de\/index.php?rest_route=\/wp\/v2\/pages"}],"about":[{"href":"https:\/\/hundesport-gaschwitz.de\/index.php?rest_route=\/wp\/v2\/types\/page"}],"author":[{"embeddable":true,"href":"https:\/\/hundesport-gaschwitz.de\/index.php?rest_route=\/wp\/v2\/users\/1"}],"replies":[{"embeddable":true,"href":"https:\/\/hundesport-gaschwitz.de\/index.php?rest_route=%2Fwp%2Fv2%2Fcomments&post=10"}],"version-history":[{"count":14,"href":"https:\/\/hundesport-gaschwitz.de\/index.php?rest_route=\/wp\/v2\/pages\/10\/revisions"}],"predecessor-version":[{"id":197,"href":"https:\/\/hundesport-gaschwitz.de\/index.php?rest_route=\/wp\/v2\/pages\/10\/revisions\/197"}],"wp:attachment":[{"href":"https:\/\/hundesport-gaschwitz.de\/index.php?rest_route=%2Fwp%2Fv2%2Fmedia&parent=10"}],"curies":[{"name":"wp","href":"https:\/\/api.w.org\/{rel}","templated":true}]}}